{"id":10092,"date":"2020-10-07T10:43:44","date_gmt":"2020-10-07T08:43:44","guid":{"rendered":"https:\/\/www.ruralovers.com\/producto\/andalusi-del-monte-2\/"},"modified":"2025-11-26T15:26:53","modified_gmt":"2025-11-26T14:26:53","slug":"andalusi-del-monte-2","status":"publish","type":"product","link":"https:\/\/www.ruralovers.com\/de\/producto\/andalusi-del-monte-2\/","title":{"rendered":"Andalusi del Monte"},"content":{"rendered":"<p>Luxusfarm auf dem Gipfel des Berges, daher der Name, mit einem Grundst\u00fcck von 3000 m2. komplett eingez\u00e4unt, befindet sich an der Stelle oder Zahlung namens &#8220;Montealegre&#8221;.<\/p>\n<p>Das Cortijo vergeta \u00fcber ein Wohnzimmer mit Kamin, eine K\u00fcche mit Bar und mit allen Ger\u00e4ten ausgestattet (K\u00fchlschrank, Herd, Mikrowelle, Backofen, Geschirrsp\u00fcler, etc &#8230;), ein Hauptschlafzimmer mit einem Bett von 1 , 50 m, zwei Doppelschlafzimmer, zwei Badezimmer (eines davon en suite mit dem Hauptschlafzimmer), Schlafzimmer mit W\u00e4sche- und Gasheizung, Swimmingpool, Grill und gro\u00dfe Terrassen mit Sonnenliegen und herrlichem Blick auf die Meer, die Stadt und die Sierra de Tejeda und Almijara.<\/p>\n<p>Das Cortijo verf\u00fcgt \u00fcber eine kostenlose WLAN-Internetverbindung.<\/p>\n<p>Der Hof liegt in einer sehr ruhigen Gegend und es gibt nur einen Weg, der zum Hof \u200b\u200bf\u00fchrt. Es ist von Weinbergen und Obstb\u00e4umen umgeben.<\/p>\n<p>Der Strand ist 10 km, der Golfplatz &#8220;Baviera&#8221; 30 Minuten, k\u00f6nnen Sie auch Torrox, Nerja und den Rest der wei\u00dfen D\u00f6rfer von Axarqu\u00eda besuchen.<\/p>\n<p>Die Farm hat einen sehr guten Zugang und ist 6,5 km von der Stadt Torrox entfernt. Davon sind 5 km eine Stra\u00dfe und 1,5 km eine Strecke in einwandfreiem Zustand und 8 km vom Strand entfernt.<\/p>\n","protected":false},"excerpt":{"rendered":"<p>Luxusfarm auf dem Gipfel des Berges, daher der Name, mit einem Grundst\u00fcck von 3000 m2. komplett eingez\u00e4unt, befindet sich an der Stelle oder Zahlung namens &#8220;Montealegre&#8221;. Das Cortijo vergeta \u00fcber ein Wohnzimmer mit Kamin, eine K\u00fcche mit Bar und mit allen Ger\u00e4ten ausgestattet (K\u00fchlschrank, Herd, Mikrowelle, Backofen, Geschirrsp\u00fcler, etc &#8230;), ein Hauptschlafzimmer mit einem Bett von 1 , 50 m, zwei Doppelschlafzimmer, zwei Badezimmer (eines davon en suite mit dem [&hellip;]<\/p>\n","protected":false},"featured_media":9413,"comment_status":"open","ping_status":"closed","template":"","meta":{"_et_pb_use_builder":"off","_et_pb_old_content":"","_et_gb_content_width":""},"product_cat":[240],"product_tag":[],"_links":{"self":[{"href":"https:\/\/www.ruralovers.com\/de\/wp-json\/wp\/v2\/product\/10092"}],"collection":[{"href":"https:\/\/www.ruralovers.com\/de\/wp-json\/wp\/v2\/product"}],"about":[{"href":"https:\/\/www.ruralovers.com\/de\/wp-json\/wp\/v2\/types\/product"}],"replies":[{"embeddable":true,"href":"https:\/\/www.ruralovers.com\/de\/wp-json\/wp\/v2\/comments?post=10092"}],"wp:featuredmedia":[{"embeddable":true,"href":"https:\/\/www.ruralovers.com\/de\/wp-json\/wp\/v2\/media\/9413"}],"wp:attachment":[{"href":"https:\/\/www.ruralovers.com\/de\/wp-json\/wp\/v2\/media?parent=10092"}],"wp:term":[{"taxonomy":"product_cat","embeddable":true,"href":"https:\/\/www.ruralovers.com\/de\/wp-json\/wp\/v2\/product_cat?post=10092"},{"taxonomy":"product_tag","embeddable":true,"href":"https:\/\/www.ruralovers.com\/de\/wp-json\/wp\/v2\/product_tag?post=10092"}],"curies":[{"name":"wp","href":"https:\/\/api.w.org\/{rel}","templated":true}]}}