{"id":8539,"date":"2020-10-06T13:51:00","date_gmt":"2020-10-06T11:51:00","guid":{"rendered":"https:\/\/www.ruralovers.com\/producto\/el-paraiso-tropical-2\/"},"modified":"2026-04-27T12:24:18","modified_gmt":"2026-04-27T10:24:18","slug":"el-paraiso-tropical","status":"publish","type":"product","link":"https:\/\/www.ruralovers.com\/de\/producto\/el-paraiso-tropical\/","title":{"rendered":"El Paraiso Tropical"},"content":{"rendered":"<p>Luxuri\u00f6ses Bauernhaus in einem der sch\u00f6nsten Orte von Torrox, genannt &#8222;Montealegre&#8220;. Es ist eine sehr ruhige Gegend, die mit Weinreben und Olivenb\u00e4umen bepflanzt ist.<\/p>\n<p>Hervorragende Aussicht auf das Meer und die Berge; Denn vom Bauernhaus aus k\u00f6nnen Sie unser Mittelmeer und die Berge der Almijara und Tejeda sehen.<\/p>\n<p>Das Bauernhaus verf\u00fcgt \u00fcber ein gro\u00dfes Wohnzimmer mit Kamin, eine voll ausgestattete K\u00fcche mit allen Arten von Utensilien (K\u00fchlschrank, Mikrowelle, Geschirrsp\u00fcler, Herd, Backofen &#8230;). Hauptschlafzimmer mit Bad en suite, drei Doppelschlafzimmer und Bad mit Dusche, Raum mit Waschmaschine und Elektroheizung sowie 7&#215;3,5m Pool, Grill und gro\u00dfe Sonnenterrasse.<\/p>\n<p>Das Cortijo verf\u00fcgt \u00fcber eine komplett kostenlose WLAN-Internetverbindung.<\/p>\n<p>Das Bauernhaus ist 9 km von der K\u00fcste und 6,5 km von Torrox entfernt, davon 5 km auf der Stra\u00dfe und 1,5 km mit der Bahn in einwandfreiem Zustand.<\/p>\n","protected":false},"excerpt":{"rendered":"<p>Luxuri\u00f6ses Bauernhaus in einem der sch\u00f6nsten Orte von Torrox, genannt &#8222;Montealegre&#8220;. Es ist eine sehr ruhige Gegend, die mit Weinreben und Olivenb\u00e4umen bepflanzt ist. Hervorragende Aussicht auf das Meer und die Berge; Denn vom Bauernhaus aus k\u00f6nnen Sie unser Mittelmeer und die Berge der Almijara und Tejeda sehen. Das Bauernhaus verf\u00fcgt \u00fcber ein gro\u00dfes Wohnzimmer mit Kamin, eine voll ausgestattete K\u00fcche mit allen Arten von Utensilien (K\u00fchlschrank, Mikrowelle, Geschirrsp\u00fcler, Herd, [&hellip;]<\/p>\n","protected":false},"featured_media":2973,"comment_status":"open","ping_status":"closed","template":"","meta":{"_et_pb_use_builder":"","_et_pb_old_content":"","_et_gb_content_width":""},"product_brand":[],"product_cat":[240],"product_tag":[],"class_list":{"0":"post-8539","1":"product","2":"type-product","3":"status-publish","4":"has-post-thumbnail","6":"product_cat-villas-de","8":"first","9":"instock","10":"virtual","11":"sold-individually","12":"purchasable","13":"product-type-booking"},"_links":{"self":[{"href":"https:\/\/www.ruralovers.com\/de\/wp-json\/wp\/v2\/product\/8539","targetHints":{"allow":["GET"]}}],"collection":[{"href":"https:\/\/www.ruralovers.com\/de\/wp-json\/wp\/v2\/product"}],"about":[{"href":"https:\/\/www.ruralovers.com\/de\/wp-json\/wp\/v2\/types\/product"}],"replies":[{"embeddable":true,"href":"https:\/\/www.ruralovers.com\/de\/wp-json\/wp\/v2\/comments?post=8539"}],"wp:featuredmedia":[{"embeddable":true,"href":"https:\/\/www.ruralovers.com\/de\/wp-json\/wp\/v2\/media\/2973"}],"wp:attachment":[{"href":"https:\/\/www.ruralovers.com\/de\/wp-json\/wp\/v2\/media?parent=8539"}],"wp:term":[{"taxonomy":"product_brand","embeddable":true,"href":"https:\/\/www.ruralovers.com\/de\/wp-json\/wp\/v2\/product_brand?post=8539"},{"taxonomy":"product_cat","embeddable":true,"href":"https:\/\/www.ruralovers.com\/de\/wp-json\/wp\/v2\/product_cat?post=8539"},{"taxonomy":"product_tag","embeddable":true,"href":"https:\/\/www.ruralovers.com\/de\/wp-json\/wp\/v2\/product_tag?post=8539"}],"curies":[{"name":"wp","href":"https:\/\/api.w.org\/{rel}","templated":true}]}}