{"id":2994,"date":"2019-07-02T15:37:08","date_gmt":"2019-07-02T13:37:08","guid":{"rendered":"http:\/\/www.ruralovers.com\/producto\/los-almendrales\/"},"modified":"2025-06-23T21:45:15","modified_gmt":"2025-06-23T19:45:15","slug":"los-almendrales-2","status":"publish","type":"product","link":"https:\/\/www.ruralovers.com\/es\/producto\/los-almendrales-2\/","title":{"rendered":"Los Almendrales"},"content":{"rendered":"<p>Excelente cortijo en la cima de la monta\u00f1a, en una zona muy tranquila rodeado de almendros, de ah\u00ed su denominaci\u00f3n (Los Almendrales), con maravillosas vistas al pueblo, al mar y como tel\u00f3n de fondo las frondosas sierras de Almijara y Tejeda.<\/p>\n<p>El cortijo se distribuye en tres plantas de la siguiente forma:<\/p>\n<p>Gran sal\u00f3n con chimenea, cocina con barra americana y con todos los accesorios y menaje. En su parte superior y formando una suit, gran dormitorio con ba\u00f1o completo y terraza privada, y en su parte baja, 3 dormitorios dobles (uno de ellos de matrimonio), ba\u00f1o completo y aseo, tiene un cuarto para lavadero y calentador el\u00e9ctrico.<\/p>\n<p>El cortijo cuenta con conexi\u00f3n a internet WiFi completamente gratuito.<\/p>\n<p>En el exterior piscina (7&#215;3,5m), barbacoa y muchas y grandes terrazas para disfrutar del sol.<\/p>\n<p>El cortijo cuenta con un muy buen acceso, y est\u00e1 a 6,5 Km del pueblo de Torrox, de los cuales 5 Km es de carretera y 1,5 Km de carril en perfecto estado y a 8 Km de la playa.<\/p>\n","protected":false},"excerpt":{"rendered":"<p>Excelente cortijo en la cima de la monta\u00f1a, en una zona muy tranquila rodeado de almendros, de ah\u00ed su denominaci\u00f3n (Los Almendrales), con maravillosas vistas al pueblo, al mar y como tel\u00f3n de fondo las frondosas sierras de Almijara y Tejeda. El cortijo se distribuye en tres plantas de la siguiente forma: Gran sal\u00f3n con chimenea, cocina con barra americana y con todos los accesorios y menaje. En su parte [&hellip;]<\/p>\n","protected":false},"featured_media":10375,"comment_status":"open","ping_status":"closed","template":"","meta":{"_et_pb_use_builder":"off","_et_pb_old_content":"","_et_gb_content_width":""},"product_cat":[243],"product_tag":[],"_links":{"self":[{"href":"https:\/\/www.ruralovers.com\/es\/wp-json\/wp\/v2\/product\/2994"}],"collection":[{"href":"https:\/\/www.ruralovers.com\/es\/wp-json\/wp\/v2\/product"}],"about":[{"href":"https:\/\/www.ruralovers.com\/es\/wp-json\/wp\/v2\/types\/product"}],"replies":[{"embeddable":true,"href":"https:\/\/www.ruralovers.com\/es\/wp-json\/wp\/v2\/comments?post=2994"}],"wp:featuredmedia":[{"embeddable":true,"href":"https:\/\/www.ruralovers.com\/es\/wp-json\/wp\/v2\/media\/10375"}],"wp:attachment":[{"href":"https:\/\/www.ruralovers.com\/es\/wp-json\/wp\/v2\/media?parent=2994"}],"wp:term":[{"taxonomy":"product_cat","embeddable":true,"href":"https:\/\/www.ruralovers.com\/es\/wp-json\/wp\/v2\/product_cat?post=2994"},{"taxonomy":"product_tag","embeddable":true,"href":"https:\/\/www.ruralovers.com\/es\/wp-json\/wp\/v2\/product_tag?post=2994"}],"curies":[{"name":"wp","href":"https:\/\/api.w.org\/{rel}","templated":true}]}}