{"id":10091,"date":"2020-10-07T10:43:44","date_gmt":"2020-10-07T08:43:44","guid":{"rendered":"https:\/\/www.ruralovers.com\/producto\/andalusi-del-monte-2\/"},"modified":"2025-11-26T15:26:53","modified_gmt":"2025-11-26T14:26:53","slug":"andalusi-del-monte-2","status":"publish","type":"product","link":"https:\/\/www.ruralovers.com\/fr\/producto\/andalusi-del-monte-2\/","title":{"rendered":"Andalusi del Monte"},"content":{"rendered":"<p>Ferme nich\u00e9e au sommet de la montagne, d&#8217;o\u00f9 son nom, avec une parcelle de 3000 m2. totalement cl\u00f4tur\u00e9, situ\u00e9 \u00e0 la place ou paiement appel\u00e9 &#8220;Montealegre&#8221;.<\/p>\n<p>Le cortijo comprend un salon avec chemin\u00e9e, une cuisine avec bar et \u00e9quip\u00e9 de tous les appareils (r\u00e9frig\u00e9rateur, plaque de cuisson, four micro-ondes, four, lave-vaisselle, etc &#8230;), une chambre principale avec un lit de 1,50 m, deux chambres doubles, deux salles de bains (l&#8217;une d&#8217;entre elles en suite avec la chambre principale), chambre avec buanderie et chauffage au gaz, piscine, barbecue et grandes terrasses avec chaises longues et vue imprenable sur la mer, la ville et la Sierra de Tejeda et Almijara.<\/p>\n<p>Le cortijo dispose d&#8217;une connexion Internet Wi-Fi totalement gratuite.<\/p>\n<p>La ferme est dans un quartier tr\u00e8s calme et le seul moyen qui existe est celui qui va \u00e0 la ferme. Celui-ci est entour\u00e9 de vignes et d&#8217;arbres fruitiers.<\/p>\n<p>La plage est \u00e0 10 km, le parcours de golf &#8220;Baviera&#8221; \u00e0 30 minutes, vous pouvez \u00e9galement visiter Torrox, Nerja et le reste des villages blancs de l&#8217;Axarqu\u00eda.<\/p>\n<p>La ferme a un tr\u00e8s bon acc\u00e8s et se trouve \u00e0 6,5 km de la ville de Torrox, dont 5 km est une route et 1,5 km de voie en parfait \u00e9tat et \u00e0 8 km de la plage.<\/p>\n","protected":false},"excerpt":{"rendered":"<p>Ferme nich\u00e9e au sommet de la montagne, d&#8217;o\u00f9 son nom, avec une parcelle de 3000 m2. totalement cl\u00f4tur\u00e9, situ\u00e9 \u00e0 la place ou paiement appel\u00e9 &#8220;Montealegre&#8221;. Le cortijo comprend un salon avec chemin\u00e9e, une cuisine avec bar et \u00e9quip\u00e9 de tous les appareils (r\u00e9frig\u00e9rateur, plaque de cuisson, four micro-ondes, four, lave-vaisselle, etc &#8230;), une chambre principale avec un lit de 1,50 m, deux chambres doubles, deux salles de bains (l&#8217;une [&hellip;]<\/p>\n","protected":false},"featured_media":9412,"comment_status":"open","ping_status":"closed","template":"","meta":{"_et_pb_use_builder":"off","_et_pb_old_content":"","_et_gb_content_width":""},"product_cat":[239],"product_tag":[],"_links":{"self":[{"href":"https:\/\/www.ruralovers.com\/fr\/wp-json\/wp\/v2\/product\/10091"}],"collection":[{"href":"https:\/\/www.ruralovers.com\/fr\/wp-json\/wp\/v2\/product"}],"about":[{"href":"https:\/\/www.ruralovers.com\/fr\/wp-json\/wp\/v2\/types\/product"}],"replies":[{"embeddable":true,"href":"https:\/\/www.ruralovers.com\/fr\/wp-json\/wp\/v2\/comments?post=10091"}],"wp:featuredmedia":[{"embeddable":true,"href":"https:\/\/www.ruralovers.com\/fr\/wp-json\/wp\/v2\/media\/9412"}],"wp:attachment":[{"href":"https:\/\/www.ruralovers.com\/fr\/wp-json\/wp\/v2\/media?parent=10091"}],"wp:term":[{"taxonomy":"product_cat","embeddable":true,"href":"https:\/\/www.ruralovers.com\/fr\/wp-json\/wp\/v2\/product_cat?post=10091"},{"taxonomy":"product_tag","embeddable":true,"href":"https:\/\/www.ruralovers.com\/fr\/wp-json\/wp\/v2\/product_tag?post=10091"}],"curies":[{"name":"wp","href":"https:\/\/api.w.org\/{rel}","templated":true}]}}