{"id":2991,"date":"2019-07-02T15:37:08","date_gmt":"2019-07-02T13:37:08","guid":{"rendered":"http:\/\/www.ruralovers.com\/producto\/los-almendrales\/"},"modified":"2023-04-17T13:32:52","modified_gmt":"2023-04-17T11:32:52","slug":"los-almendrales","status":"publish","type":"product","link":"https:\/\/www.ruralovers.com\/fr\/producto\/los-almendrales\/","title":{"rendered":"Los Almendrales"},"content":{"rendered":"<p>Excellente ferme au sommet de la montagne, dans un quartier tr\u00e8s calme entour\u00e9 d&#8217;amandiers, d&#8217;o\u00f9 son nom (Los Almendrales), avec une vue magnifique sur la ville, la mer et en toile de fond les cha\u00eenes de montagnes luxuriantes d&#8217;Almijara et de Tejeda.<\/p>\n<p>La ferme est r\u00e9partie sur trois \u00e9tages comme suit:<\/p>\n<p>Grand salon avec chemin\u00e9e, cuisine avec bar et avec tous les accessoires et ustensiles. Dans sa partie sup\u00e9rieure et formant un costume, grande chambre avec salle de bains et terrasse priv\u00e9e, et dans sa partie inf\u00e9rieure, 3 chambres doubles (dont une double), salle de bains et toilettes, une buanderie et un radiateur \u00e9lectrique.<\/p>\n<p>Le cortijo dispose d&#8217;une connexion Internet Wi-Fi totalement gratuite.<\/p>\n<p>Piscine ext\u00e9rieure (7&#215;3,5m), barbecue et nombreuses grandes terrasses pour profiter du soleil.<\/p>\n<p>La ferme a un tr\u00e8s bon acc\u00e8s et se trouve \u00e0 6,5 km de la ville de Torrox, dont 5 km est une route et 1,5 km de voie en parfait \u00e9tat et \u00e0 8 km de la plage.<\/p>\n","protected":false},"excerpt":{"rendered":"<p>Excellente ferme au sommet de la montagne, dans un quartier tr\u00e8s calme entour\u00e9 d&#8217;amandiers, d&#8217;o\u00f9 son nom (Los Almendrales), avec une vue magnifique sur la ville, la mer et en toile de fond les cha\u00eenes de montagnes luxuriantes d&#8217;Almijara et de Tejeda. La ferme est r\u00e9partie sur trois \u00e9tages comme suit: Grand salon avec chemin\u00e9e, cuisine avec bar et avec tous les accessoires et ustensiles. Dans sa partie sup\u00e9rieure et [&hellip;]<\/p>\n","protected":false},"featured_media":10373,"comment_status":"open","ping_status":"closed","template":"","meta":{"_et_pb_use_builder":"off","_et_pb_old_content":"","_et_gb_content_width":""},"product_cat":[239],"product_tag":[],"_links":{"self":[{"href":"https:\/\/www.ruralovers.com\/fr\/wp-json\/wp\/v2\/product\/2991"}],"collection":[{"href":"https:\/\/www.ruralovers.com\/fr\/wp-json\/wp\/v2\/product"}],"about":[{"href":"https:\/\/www.ruralovers.com\/fr\/wp-json\/wp\/v2\/types\/product"}],"replies":[{"embeddable":true,"href":"https:\/\/www.ruralovers.com\/fr\/wp-json\/wp\/v2\/comments?post=2991"}],"wp:featuredmedia":[{"embeddable":true,"href":"https:\/\/www.ruralovers.com\/fr\/wp-json\/wp\/v2\/media\/10373"}],"wp:attachment":[{"href":"https:\/\/www.ruralovers.com\/fr\/wp-json\/wp\/v2\/media?parent=2991"}],"wp:term":[{"taxonomy":"product_cat","embeddable":true,"href":"https:\/\/www.ruralovers.com\/fr\/wp-json\/wp\/v2\/product_cat?post=2991"},{"taxonomy":"product_tag","embeddable":true,"href":"https:\/\/www.ruralovers.com\/fr\/wp-json\/wp\/v2\/product_tag?post=2991"}],"curies":[{"name":"wp","href":"https:\/\/api.w.org\/{rel}","templated":true}]}}